{"id":2078,"date":"2014-12-19T18:17:50","date_gmt":"2014-12-19T16:17:50","guid":{"rendered":"http:\/\/tulipesa.com\/?page_id=2078"},"modified":"2014-12-20T20:40:26","modified_gmt":"2014-12-20T18:40:26","slug":"tiilerin-lauri-timelapset-muuraus","status":"publish","type":"page","link":"https:\/\/tulipesa.com\/?page_id=2078","title":{"rendered":"Takka timelapse"},"content":{"rendered":"<p>Tiilerin takkapaketin muuraus ja pinnoitus timelapset videot.<br \/>\nFunkkis lauri p\u00e4\u00e4lt\u00e4liitos, hiili laatoilla ja satiinikromi luukuilla.<br \/>\n &#8212; kuvaus on 1x\/5sec 20 FPS Brinno Timelapset kamera<br \/>\n1280&#215;720 HD laatu . Tosin youtube kyll\u00e4 korjaa framet 30 FPS<br \/>\n<iframe loading=\"lazy\" width=\"560\" height=\"315\" src=\"\/\/www.youtube.com\/embed\/videoseries?list=PLIloKdA2hMHYfQg0nZNDBEiO3s5dQf_7o\" frameborder=\"0\" allowfullscreen><\/iframe><\/p>\n<p>Tai vaiheet erikseen alla Aloitetaan palomuuri, runko, pes\u00e4.<br \/>\n<iframe loading=\"lazy\" width=\"560\" height=\"315\" src=\"\/\/www.youtube.com\/embed\/x3GrwVRX2o0\" frameborder=\"0\" allowfullscreen><\/iframe><\/p>\n<p>Kuorimuuraus<br \/>\n<iframe loading=\"lazy\" width=\"560\" height=\"315\" src=\"\/\/www.youtube.com\/embed\/BVZTzuFwlog\" frameborder=\"0\" allowfullscreen><\/iframe><br \/>\nV\u00e4litasoitus serpo 410 v + verkotus<br \/>\n<iframe loading=\"lazy\" width=\"560\" height=\"315\" src=\"\/\/www.youtube.com\/embed\/h3hYkAmKN8k\" frameborder=\"0\" allowfullscreen><\/iframe><br \/>\nV\u00e4lihionta, laatat, antiikkilaasti ja s\u00e4hk\u00f6katko pahimpaan hetkeen<br \/>\n<iframe loading=\"lazy\" width=\"560\" height=\"315\" src=\"\/\/www.youtube.com\/embed\/3TBOA3QPYaY\" frameborder=\"0\" allowfullscreen><\/iframe><\/p>\n<p>Satiinikromi luukun kiinnitys, tuhkaluukut ja nokiluukut (tulossa)<br \/>\n<!--<iframe loading=\"lazy\" width=\"560\" height=\"315\" src=\"\/\/www.youtube.com\/embed\/*****3TBOA3QPYaY*****\" frameborder=\"0\" allowfullscreen><\/iframe> \n--><\/p>\n","protected":false},"excerpt":{"rendered":"<p>Tiilerin takkapaketin muuraus ja pinnoitus timelapset videot. Funkkis lauri p\u00e4\u00e4lt\u00e4liitos, hiili laatoilla ja satiinikromi luukuilla. &#8212; kuvaus on 1x\/5sec 20 FPS Brinno Timelapset kamera 1280&#215;720 HD laatu . Tosin youtube kyll\u00e4 korjaa framet 30 FPS Tai vaiheet erikseen alla Aloitetaan &hellip;<\/p>\n<p class=\"read-more\"> <a class=\"more-link\" href=\"https:\/\/tulipesa.com\/?page_id=2078\"> <span class=\"screen-reader-text\">Takka timelapse<\/span> Lue lis\u00e4\u00e4 &raquo;<\/a><\/p>\n","protected":false},"author":1,"featured_media":0,"parent":0,"menu_order":0,"comment_status":"closed","ping_status":"closed","template":"content-sidebar-half-page.php","meta":[],"_links":{"self":[{"href":"https:\/\/tulipesa.com\/index.php?rest_route=\/wp\/v2\/pages\/2078"}],"collection":[{"href":"https:\/\/tulipesa.com\/index.php?rest_route=\/wp\/v2\/pages"}],"about":[{"href":"https:\/\/tulipesa.com\/index.php?rest_route=\/wp\/v2\/types\/page"}],"author":[{"embeddable":true,"href":"https:\/\/tulipesa.com\/index.php?rest_route=\/wp\/v2\/users\/1"}],"replies":[{"embeddable":true,"href":"https:\/\/tulipesa.com\/index.php?rest_route=%2Fwp%2Fv2%2Fcomments&post=2078"}],"version-history":[{"count":19,"href":"https:\/\/tulipesa.com\/index.php?rest_route=\/wp\/v2\/pages\/2078\/revisions"}],"predecessor-version":[{"id":2112,"href":"https:\/\/tulipesa.com\/index.php?rest_route=\/wp\/v2\/pages\/2078\/revisions\/2112"}],"wp:attachment":[{"href":"https:\/\/tulipesa.com\/index.php?rest_route=%2Fwp%2Fv2%2Fmedia&parent=2078"}],"curies":[{"name":"wp","href":"https:\/\/api.w.org\/{rel}","templated":true}]}}