{"id":106,"date":"2009-04-05T15:33:30","date_gmt":"2009-04-05T13:33:30","guid":{"rendered":"http:\/\/tulipesa.com\/?page_id=106"},"modified":"2014-12-19T19:22:53","modified_gmt":"2014-12-19T17:22:53","slug":"tulip","status":"publish","type":"page","link":"https:\/\/tulipesa.com\/","title":{"rendered":"Tulipesa.com"},"content":{"rendered":"<p style=\"text-align: left;\">Laatoitus ja muuta muurausalan t\u00f6it\u00e4 Vaasan seudulla (test)<\/p>\n<p style=\"text-align: rigth;\">Katso nyt Tiilerin Lauri funkkis muuraus video timelapset <a href=\"http:\/\/tulipesa.com\/?page_id=2078\" title=\"Takka timelapse\"><\/p>\n<blockquote>\n<p style=\"padding-left: 30px;\"><a href=\"http:\/\/tulipesa.com\/?page_id=2\">Lue lis\u00e4\u00e4 tai ota yhteytt\u00e4&#8230;<\/a><\/p>\n<\/blockquote>\n<\/div>\n","protected":false},"excerpt":{"rendered":"<p>Laatoitus ja muuta muurausalan t\u00f6it\u00e4 Vaasan seudulla (test) Katso nyt Tiilerin Lauri funkkis muuraus video timelapset Lue lis\u00e4\u00e4 tai ota yhteytt\u00e4&#8230;<\/p>\n","protected":false},"author":1,"featured_media":0,"parent":0,"menu_order":1,"comment_status":"closed","ping_status":"closed","template":"","meta":[],"_links":{"self":[{"href":"https:\/\/tulipesa.com\/index.php?rest_route=\/wp\/v2\/pages\/106"}],"collection":[{"href":"https:\/\/tulipesa.com\/index.php?rest_route=\/wp\/v2\/pages"}],"about":[{"href":"https:\/\/tulipesa.com\/index.php?rest_route=\/wp\/v2\/types\/page"}],"author":[{"embeddable":true,"href":"https:\/\/tulipesa.com\/index.php?rest_route=\/wp\/v2\/users\/1"}],"replies":[{"embeddable":true,"href":"https:\/\/tulipesa.com\/index.php?rest_route=%2Fwp%2Fv2%2Fcomments&post=106"}],"version-history":[{"count":179,"href":"https:\/\/tulipesa.com\/index.php?rest_route=\/wp\/v2\/pages\/106\/revisions"}],"predecessor-version":[{"id":138,"href":"https:\/\/tulipesa.com\/index.php?rest_route=\/wp\/v2\/pages\/106\/revisions\/138"}],"wp:attachment":[{"href":"https:\/\/tulipesa.com\/index.php?rest_route=%2Fwp%2Fv2%2Fmedia&parent=106"}],"curies":[{"name":"wp","href":"https:\/\/api.w.org\/{rel}","templated":true}]}}